{"id":654,"date":"2019-06-06T16:28:48","date_gmt":"2019-06-06T19:28:48","guid":{"rendered":"https:\/\/www.encontranatal.com.br\/sobre\/?page_id=654"},"modified":"2019-06-06T16:28:48","modified_gmt":"2019-06-06T19:28:48","slug":"norte-shopping-natal","status":"publish","type":"page","link":"https:\/\/www.encontranatal.com.br\/sobre\/norte-shopping-natal\/","title":{"rendered":"Norte Shopping Natal"},"content":{"rendered":"<div class=\"246758ad146d14b784df75beec179b19\" data-index=\"1\" style=\"float: none; margin:0px;\">\n<!-- Anuncio display - global -->\r\n<ins class=\"adsbygoogle\"\r\n     style=\"display:block\"\r\n     data-ad-client=\"ca-pub-8585364105181520\"\r\n     data-ad-slot=\"8789329856\"\r\n     data-ad-format=\"auto\"\r\n     data-full-width-responsive=\"true\"><\/ins>\r\n<script>\r\n     (adsbygoogle = window.adsbygoogle || []).push({});\r\n<\/script>\n<\/div>\n<p>Inaugurado em dezembro de 2007, o <strong>Partage Norte Shopping Natal<\/strong> \u00e9 o shopping da Zona Norte, a regi\u00e3o que mais cresce em Natal. Est\u00e1 instalado em uma \u00e1rea central e de f\u00e1cil acesso, al\u00e9m de possuir uma constru\u00e7\u00e3o ampla, moderna e confort\u00e1vel.<\/p>\n<p>O Shopping conta com 102 lojas, em 36 mil m\u00b2, distribu\u00eddos em dois pavimentos, e uma \u00e1rea de 27 mil m\u00b2 para o estacionamento, que tem capacidade para 1.229 ve\u00edculos.<\/p>\n<p><img loading=\"lazy\" decoding=\"async\" class=\"aligncenter wp-image-655 size-full\" title=\"Norte Shopping Natal\" src=\"https:\/\/www.encontranatal.com.br\/sobre\/wp-content\/uploads\/2019\/06\/norte-shopping-natal.jpg\" alt=\"Norte Shopping Natal\" width=\"680\" height=\"189\" srcset=\"https:\/\/www.encontranatal.com.br\/sobre\/wp-content\/uploads\/2019\/06\/norte-shopping-natal.jpg 680w, https:\/\/www.encontranatal.com.br\/sobre\/wp-content\/uploads\/2019\/06\/norte-shopping-natal-300x83.jpg 300w\" sizes=\"auto, (max-width: 680px) 100vw, 680px\" \/><\/p>\n<p>Contempla uma das mais belas vistas da cidade, a do Rio Potengi com a Zona Sul ao fundo, atrav\u00e9s de um imenso pared\u00e3o de vidro na sua pra\u00e7a de alimenta\u00e7\u00e3o, com 19 lojas e capacidade para mil pessoas sentadas.<\/p>\n<p>O empreendimento tem, como \u00e2ncoras, as lojas C&amp;A, Marisa, Riachuelo, Smart Fit, Cin\u00e9polis e Carrefour. Al\u00e9m disso, conta, tamb\u00e9m, com as mega lojas Magazine Luiza, Ricardo Eletro, Casas Bahia, Le Biscuit e Puppy Play. Transformou-se no centro de compras, servi\u00e7os e lazer da popula\u00e7\u00e3o da Zona Norte e cidades lim\u00edtrofes.<\/p>\n<p>Em 2019, o empreendimento deu in\u00edcio a sua obra de expans\u00e3o, com previs\u00e3o de entrega em 2022, a obra ser\u00e1 realizada em tr\u00eas grandes etapas, com investimento total de R$185 milh\u00f5es.<\/p>\n<p>Ap\u00f3s a conclus\u00e3o, o Partage Norte Shopping Natal, praticamente, duplicar\u00e1 sua \u00e1rea constru\u00edda, passando de 28 mil m\u00b2 para mais de 45 mil m\u00b2 de ABL (\u00c1rea Bruta Loc\u00e1vel), com um acr\u00e9scimo de mais de 116 lojas, sendo 4 novas \u00e2ncoras, 3 mega lojas, 2 restaurantes e 10 fast foods. As obras contemplam a constru\u00e7\u00e3o de um novo acesso ao Shopping, maior variedade de lojas e servi\u00e7os, deck parking, vagas cobertas e na cobertura, al\u00e9m da amplia\u00e7\u00e3o da pra\u00e7a de alimenta\u00e7\u00e3o.<\/p>\n<h2>Norte Shopping Natal Lojas<\/h2>\n<ul>\n<li>A Mar\u00e9 Mansa Cal\u00e7ados<\/li>\n<li>Alecrim Presentes<\/li>\n<li>Al\u00f4 Capas<\/li>\n<li>Americanas<\/li>\n<li>Arte Musical<\/li>\n<li>Bagagerie<\/li>\n<li>Bunny\u2019s<\/li>\n<li>C&amp;A<\/li>\n<li>Cacau Show<\/li>\n<li>Carrefour<\/li>\n<li>Casas Bahia<\/li>\n<li>Chilli Beans<\/li>\n<li>Cia da F\u00f3rmula<\/li>\n<li>Cia do Terno<\/li>\n<li>Claro<\/li>\n<li>Crosby<\/li>\n<li>Daya<\/li>\n<li>Del Rayssa Lingerie<\/li>\n<li>Docel\u00e2ndia<\/li>\n<li>Dondoca<\/li>\n<li>Drogaria Bezerra<\/li>\n<li>Ecol\u00f3gica<\/li>\n<li>Emp\u00f3rio do A\u00e7o<\/li>\n<li>Esmalteria Nacional<\/li>\n<li>Esposende<\/li>\n<li>Extrafarma<\/li>\n<li>Fio a Fio Beach<\/li>\n<li>Gladiatore<\/li>\n<li>Gol Mania Store<\/li>\n<li>H Imports<\/li>\n<li>Havaianas<\/li>\n<li>Laluk<\/li>\n<li>Le Biscuit<\/li>\n<li>LG<\/li>\n<li>Livraria C\u00e2mara Cascudo<\/li>\n<li>Magazine Luiza<\/li>\n<li>Mahogany<\/li>\n<li>Manchete Cal\u00e7ados<\/li>\n<li>Mania D\u2019couro Comfort<\/li>\n<li>Mania D\u2019couro For Man<\/li>\n<li>Mania de Couro<\/li>\n<li>Mardelle Lingerie<\/li>\n<li>Mar\u00e9 Kids<\/li>\n<li>Marisa<\/li>\n<li>Milla Costa Acess\u00f3rios<\/li>\n<li>Mioche<\/li>\n<li>Miranda Computa\u00e7\u00e3o<\/li>\n<li>Motorola<\/li>\n<li>Narciso Enxovais<\/li>\n<li>Natura<\/li>\n<li>Net<\/li>\n<li>O Botic\u00e1rio<\/li>\n<li>Occhialy<\/li>\n<li>Oi<\/li>\n<li>On Line<\/li>\n<li>Ortobom<\/li>\n<li>\u00d3ticas Diniz<\/li>\n<li>Phone.com<\/li>\n<li>Piticas<\/li>\n<li>Polo Club<\/li>\n<li>Pop Up Concepts<\/li>\n<li>Potiguar Honda<\/li>\n<li>Quem Disse, Berenice?<\/li>\n<li>Riachuelo<\/li>\n<li>Ricardo Eletro<\/li>\n<li>Sacol\u00e3o<\/li>\n<li>Samsung<\/li>\n<li>Schalk<\/li>\n<li>Setemares<\/li>\n<li>Sport Master<\/li>\n<li>Stalker<\/li>\n<li>Sulabelle J\u00f3ias<\/li>\n<li>TIM<\/li>\n<li>Touch<\/li>\n<li>Touti<\/li>\n<li>Uau Cases<\/li>\n<li>Vivo<\/li>\n<\/ul>\n<h3>Norte Shopping Natal Cinema<\/h3>\n<p>Veja o que est\u00e1 em cartaz no cinema <span style=\"text-decoration: underline;\">Cin\u00e9polis Partage Norte Shopping Natal<\/span>, veja a programa\u00e7\u00e3o, hor\u00e1rios dispon\u00edveis, pre\u00e7o do ingresso, trailer dos filmes em cartaz no cinema e filmes que est\u00e3o no cinema. Acesse o site.<\/p>\n<h3>Norte Shopping Natal Trabalhe Conosco<\/h3>\n<p>Para aqueles que almejam <em>trabalhar<\/em> em uma empresa que preza por realizar servi\u00e7os da mais alta qualidade, e que zela por seus colaboradores e profissionalismo sempre, estes profissionais devem <em>trabalhar<\/em> na Norte Shopping Natal , acesse o site para enviar seu curr\u00edculo.<\/p>\n<h3>Norte Shopping Natal Exposi\u00e7\u00e3o<\/h3>\n<p><em>Mostra, in\u00e9dita no Rio Grande do Norte, exibiu r\u00e9plicas de animais extintos h\u00e1 milh\u00f5es de anos, em tamanho real, com exclusividade na Zona Norte<\/em><\/p>\n<p>Sucesso em diversos pa\u00edses da Europa e da Am\u00e9rica Latina, a exposi\u00e7\u00e3o internacional \u201cGigantes da Era do Gelo\u201d desembarcou no Partage Norte Shopping, de 13 de abril a 05 de maio. Os visitantes tiveram a oportunidade de conhecer um pouco mais sobre a pr\u00e9-hist\u00f3ria, com r\u00e9plicas, em tamanho real, de animais da Era Glacial, extintos h\u00e1 mais de 12 mil anos.<\/p>\n<p>As pe\u00e7as ficaram<em> expostas na Pra\u00e7a de Eventos,<\/em> com entrada gratuita e a visita\u00e7\u00e3o segue o hor\u00e1rio de funcionamento do shopping.<\/p>\n<p>Pela primeira vez no Rio Grande do Norte, com exclusividade no Partage Norte Shopping, a mostra traz 11 criaturas de at\u00e9 4 metros de altura, fielmente produzidas em resina, poliuretanos, couros e fibras naturais, com detalhes que reproduzem as caracter\u00edsticas reais.<\/p>\n<h3>Hor\u00e1rio de Funcionamento Norte Shopping Natal<\/h3>\n<ul>\n<li>Segunda a s\u00e1bado das 10h \u00e0s 22h \/ Domingo das 11h \u00e0s 22h<\/li>\n<\/ul>\n<h3>Onde Fica, Endere\u00e7o e Telefone Norte Shopping Natal<\/h3>\n<ul>\n<li>Av. Dr. Jo\u00e3o Medeiros Filho, 2395 &#8211; Potengi, Natal &#8211; RN<\/li>\n<li>Telefone: (84) 3674-8200<\/li>\n<\/ul>\n<h4>Outras informa\u00e7\u00f5es e site<\/h4>\n<ul>\n<li>Mais informa\u00e7\u00f5es: <a href=\"http:\/\/www.partagenatal.com.br\/\" target=\"_blank\" rel=\"noopener noreferrer\">www.partagenatal.com.br\/<\/a><\/li>\n<\/ul>\n<h4>Mapa de localiza\u00e7\u00e3o<\/h4>\n<a class=\"wp-colorbox-iframe\" href=\"https:\/\/www.google.com\/maps\/embed?pb=!1m14!1m8!1m3!1d15878.747342668945!2d-35.2467754!3d-5.7581338!3m2!1i1024!2i768!4f13.1!3m3!1m2!1s0x00x7c50cdd1371fb131!2sPartage+Norte+Shopping+Natal!5e0!3m2!1spt-BR!2sbr!4v1559835836417!5m2!1spt-BR!2sbr\"><img decoding=\"async\" src=\"https:\/\/www.encontranatal.com.br\/\/imgs\/maps-post.png\"><\/a>\n\n<div style=\"font-size: 0px; height: 0px; line-height: 0px; margin: 0; padding: 0; clear: both;\"><\/div>","protected":false},"excerpt":{"rendered":"<p>Inaugurado em dezembro de 2007, o Partage Norte Shopping Natal \u00e9 o shopping da Zona Norte, a regi\u00e3o que mais cresce em Natal. Est\u00e1 instalado em uma \u00e1rea central e de f\u00e1cil acesso, al\u00e9m de possuir uma constru\u00e7\u00e3o ampla, moderna e confort\u00e1vel. O Shopping conta com 102 lojas, em 36 mil m\u00b2, distribu\u00eddos em dois pavimentos, e uma \u00e1rea de 27 mil m\u00b2 para o estacionamento, que tem capacidade para 1.229 ve\u00edculos. Contempla uma das mais belas vistas da cidade, a do Rio Potengi com a Zona Sul ao fundo, atrav\u00e9s de um imenso pared\u00e3o de vidro na sua pra\u00e7a <\/p>\n","protected":false},"author":1,"featured_media":0,"parent":0,"menu_order":0,"comment_status":"closed","ping_status":"closed","template":"","meta":{"footnotes":""},"class_list":["post-654","page","type-page","status-publish","hentry"],"aioseo_notices":[],"_links":{"self":[{"href":"https:\/\/www.encontranatal.com.br\/sobre\/wp-json\/wp\/v2\/pages\/654","targetHints":{"allow":["GET"]}}],"collection":[{"href":"https:\/\/www.encontranatal.com.br\/sobre\/wp-json\/wp\/v2\/pages"}],"about":[{"href":"https:\/\/www.encontranatal.com.br\/sobre\/wp-json\/wp\/v2\/types\/page"}],"author":[{"embeddable":true,"href":"https:\/\/www.encontranatal.com.br\/sobre\/wp-json\/wp\/v2\/users\/1"}],"replies":[{"embeddable":true,"href":"https:\/\/www.encontranatal.com.br\/sobre\/wp-json\/wp\/v2\/comments?post=654"}],"version-history":[{"count":0,"href":"https:\/\/www.encontranatal.com.br\/sobre\/wp-json\/wp\/v2\/pages\/654\/revisions"}],"wp:attachment":[{"href":"https:\/\/www.encontranatal.com.br\/sobre\/wp-json\/wp\/v2\/media?parent=654"}],"curies":[{"name":"wp","href":"https:\/\/api.w.org\/{rel}","templated":true}]}}